{"id":931,"date":"2017-10-13T15:08:46","date_gmt":"2017-10-13T13:08:46","guid":{"rendered":"http:\/\/rpjph.w4yserver.at\/imprint\/"},"modified":"2020-09-25T15:27:31","modified_gmt":"2020-09-25T13:27:31","slug":"impressum","status":"publish","type":"page","link":"https:\/\/www.q-advisers.com\/de\/impressum\/","title":{"rendered":"Impressum"},"content":{"rendered":"<h3 style=\"text-align: center;\"><strong>Q-Advisers GmbH<br \/>\n<\/strong><strong>B\u00fcro Wien<\/strong><\/h3>\n<p style=\"text-align: center;\">Habsburgergasse 2\/Ia<br \/>\n1010 Wien<br \/>\n\u00d6sterreich<\/p>\n<p style=\"text-align: center;\"><strong>T<\/strong> +43 1 235 00 62 0<br \/>\n<strong>E<\/strong> office@q-advisers.com<\/p>\n<h3 style=\"text-align: center;\"><strong>B\u00fcro London<\/strong><\/h3>\n<p style=\"text-align: center;\">15 Roland Gardens<br \/>\nLondon SW7 3PE<br \/>\nGro\u00dfbritannien<\/p>\n<h3 style=\"text-align: center;\"><strong>Handelsregister<\/strong><\/h3>\n<p style=\"text-align: center;\">Handelsgericht Wien<br \/>\nFN 339914z<br \/>\nUID: ATU65444129<\/p>\n<h3 style=\"text-align: center;\"><strong>\u00a0<\/strong><strong>Mitgliedschaften<\/strong><\/h3>\n<p style=\"text-align: center;\">Wirtschaftskammer \u00d6sterreich<\/p>\n<h3 style=\"text-align: center;\"><strong>Gesch\u00e4ftsf\u00fchrer<\/strong><\/h3>\n<p style=\"text-align: center;\">Friedrich Schweiger<br \/>\nJade J. Kim<\/p>\n<h3 style=\"text-align: center;\"><strong>Aktivit\u00e4ten<\/strong><\/h3>\n<p style=\"text-align: center;\">Unternehmensberatung, Finanzierungsberatung, Verm\u00f6gensberatung<\/p>\n<div class=\"page\" style=\"text-align: center;\" title=\"Page 25\">\n<div class=\"layoutArea\">\n<div class=\"column\">\n<p>&nbsp;<\/p>\n<\/div>\n<\/div>\n<\/div>\n","protected":false},"excerpt":{"rendered":"<p>Q-Advisers GmbH B\u00fcro Wien Habsburgergasse 2\/Ia 1010 Wien \u00d6sterreich T +43 1 235 00 62 0 E office@q-advisers.com B\u00fcro London 15 Roland Gardens London SW7 3PE Gro\u00dfbritannien Handelsregister Handelsgericht Wien FN 339914z UID: ATU65444129 \u00a0Mitgliedschaften Wirtschaftskammer \u00d6sterreich Gesch\u00e4ftsf\u00fchrer Friedrich Schweiger Jade J. Kim Aktivit\u00e4ten Unternehmensberatung, Finanzierungsberatung, Verm\u00f6gensberatung &nbsp;<\/p>\n","protected":false},"author":1,"featured_media":0,"parent":0,"menu_order":7,"comment_status":"closed","ping_status":"closed","template":"page-simpel.php","meta":{"_acf_changed":false,"footnotes":""},"class_list":["post-931","page","type-page","status-publish","hentry"],"acf":[],"yoast_head":"<!-- This site is optimized with the Yoast SEO plugin v24.7 - https:\/\/yoast.com\/wordpress\/plugins\/seo\/ -->\n<title>Impressum - Q Advisers<\/title>\n<meta name=\"robots\" content=\"index, follow, max-snippet:-1, max-image-preview:large, max-video-preview:-1\" \/>\n<link rel=\"canonical\" href=\"https:\/\/www.q-advisers.com\/imprint\/\" \/>\n<meta property=\"og:locale\" content=\"de_DE\" \/>\n<meta property=\"og:type\" content=\"article\" \/>\n<meta property=\"og:title\" content=\"Impressum - Q Advisers\" \/>\n<meta property=\"og:description\" content=\"Q-Advisers GmbH B\u00fcro Wien Habsburgergasse 2\/Ia 1010 Wien \u00d6sterreich T +43 1 235 00 62 0 E office@q-advisers.com B\u00fcro London 15 Roland Gardens London SW7 3PE Gro\u00dfbritannien Handelsregister Handelsgericht Wien FN 339914z UID: ATU65444129 \u00a0Mitgliedschaften Wirtschaftskammer \u00d6sterreich Gesch\u00e4ftsf\u00fchrer Friedrich Schweiger Jade J. Kim Aktivit\u00e4ten Unternehmensberatung, Finanzierungsberatung, Verm\u00f6gensberatung &nbsp;\" \/>\n<meta property=\"og:url\" content=\"https:\/\/www.q-advisers.com\/imprint\/\" \/>\n<meta property=\"og:site_name\" content=\"Q Advisers\" \/>\n<meta property=\"article:modified_time\" content=\"2020-09-25T13:27:31+00:00\" \/>\n<meta name=\"twitter:card\" content=\"summary_large_image\" \/>\n<script type=\"application\/ld+json\" class=\"yoast-schema-graph\">{\"@context\":\"https:\/\/schema.org\",\"@graph\":[{\"@type\":\"WebPage\",\"@id\":\"https:\/\/www.q-advisers.com\/imprint\/\",\"url\":\"https:\/\/www.q-advisers.com\/imprint\/\",\"name\":\"Impressum - Q Advisers\",\"isPartOf\":{\"@id\":\"https:\/\/www.q-advisers.com\/#website\"},\"datePublished\":\"2017-10-13T13:08:46+00:00\",\"dateModified\":\"2020-09-25T13:27:31+00:00\",\"breadcrumb\":{\"@id\":\"https:\/\/www.q-advisers.com\/imprint\/#breadcrumb\"},\"inLanguage\":\"de\",\"potentialAction\":[{\"@type\":\"ReadAction\",\"target\":[\"https:\/\/www.q-advisers.com\/imprint\/\"]}]},{\"@type\":\"BreadcrumbList\",\"@id\":\"https:\/\/www.q-advisers.com\/imprint\/#breadcrumb\",\"itemListElement\":[{\"@type\":\"ListItem\",\"position\":1,\"name\":\"Home\",\"item\":\"https:\/\/www.q-advisers.com\/\"},{\"@type\":\"ListItem\",\"position\":2,\"name\":\"Impressum\"}]},{\"@type\":\"WebSite\",\"@id\":\"https:\/\/www.q-advisers.com\/#website\",\"url\":\"https:\/\/www.q-advisers.com\/\",\"name\":\"Q Advisers\",\"description\":\"Wien | London\",\"potentialAction\":[{\"@type\":\"SearchAction\",\"target\":{\"@type\":\"EntryPoint\",\"urlTemplate\":\"https:\/\/www.q-advisers.com\/?s={search_term_string}\"},\"query-input\":{\"@type\":\"PropertyValueSpecification\",\"valueRequired\":true,\"valueName\":\"search_term_string\"}}],\"inLanguage\":\"de\"}]}<\/script>\n<!-- \/ Yoast SEO plugin. -->","yoast_head_json":{"title":"Impressum - Q Advisers","robots":{"index":"index","follow":"follow","max-snippet":"max-snippet:-1","max-image-preview":"max-image-preview:large","max-video-preview":"max-video-preview:-1"},"canonical":"https:\/\/www.q-advisers.com\/imprint\/","og_locale":"de_DE","og_type":"article","og_title":"Impressum - Q Advisers","og_description":"Q-Advisers GmbH B\u00fcro Wien Habsburgergasse 2\/Ia 1010 Wien \u00d6sterreich T +43 1 235 00 62 0 E office@q-advisers.com B\u00fcro London 15 Roland Gardens London SW7 3PE Gro\u00dfbritannien Handelsregister Handelsgericht Wien FN 339914z UID: ATU65444129 \u00a0Mitgliedschaften Wirtschaftskammer \u00d6sterreich Gesch\u00e4ftsf\u00fchrer Friedrich Schweiger Jade J. Kim Aktivit\u00e4ten Unternehmensberatung, Finanzierungsberatung, Verm\u00f6gensberatung &nbsp;","og_url":"https:\/\/www.q-advisers.com\/imprint\/","og_site_name":"Q Advisers","article_modified_time":"2020-09-25T13:27:31+00:00","twitter_card":"summary_large_image","schema":{"@context":"https:\/\/schema.org","@graph":[{"@type":"WebPage","@id":"https:\/\/www.q-advisers.com\/imprint\/","url":"https:\/\/www.q-advisers.com\/imprint\/","name":"Impressum - Q Advisers","isPartOf":{"@id":"https:\/\/www.q-advisers.com\/#website"},"datePublished":"2017-10-13T13:08:46+00:00","dateModified":"2020-09-25T13:27:31+00:00","breadcrumb":{"@id":"https:\/\/www.q-advisers.com\/imprint\/#breadcrumb"},"inLanguage":"de","potentialAction":[{"@type":"ReadAction","target":["https:\/\/www.q-advisers.com\/imprint\/"]}]},{"@type":"BreadcrumbList","@id":"https:\/\/www.q-advisers.com\/imprint\/#breadcrumb","itemListElement":[{"@type":"ListItem","position":1,"name":"Home","item":"https:\/\/www.q-advisers.com\/"},{"@type":"ListItem","position":2,"name":"Impressum"}]},{"@type":"WebSite","@id":"https:\/\/www.q-advisers.com\/#website","url":"https:\/\/www.q-advisers.com\/","name":"Q Advisers","description":"Wien | London","potentialAction":[{"@type":"SearchAction","target":{"@type":"EntryPoint","urlTemplate":"https:\/\/www.q-advisers.com\/?s={search_term_string}"},"query-input":{"@type":"PropertyValueSpecification","valueRequired":true,"valueName":"search_term_string"}}],"inLanguage":"de"}]}},"_links":{"self":[{"href":"https:\/\/www.q-advisers.com\/de\/wp-json\/wp\/v2\/pages\/931"}],"collection":[{"href":"https:\/\/www.q-advisers.com\/de\/wp-json\/wp\/v2\/pages"}],"about":[{"href":"https:\/\/www.q-advisers.com\/de\/wp-json\/wp\/v2\/types\/page"}],"author":[{"embeddable":true,"href":"https:\/\/www.q-advisers.com\/de\/wp-json\/wp\/v2\/users\/1"}],"replies":[{"embeddable":true,"href":"https:\/\/www.q-advisers.com\/de\/wp-json\/wp\/v2\/comments?post=931"}],"version-history":[{"count":8,"href":"https:\/\/www.q-advisers.com\/de\/wp-json\/wp\/v2\/pages\/931\/revisions"}],"predecessor-version":[{"id":2474,"href":"https:\/\/www.q-advisers.com\/de\/wp-json\/wp\/v2\/pages\/931\/revisions\/2474"}],"wp:attachment":[{"href":"https:\/\/www.q-advisers.com\/de\/wp-json\/wp\/v2\/media?parent=931"}],"curies":[{"name":"wp","href":"https:\/\/api.w.org\/{rel}","templated":true}]}}