{"id":932,"date":"2017-10-13T15:08:36","date_gmt":"2017-10-13T13:08:36","guid":{"rendered":"http:\/\/rpjph.w4yserver.at\/terms-of-use\/"},"modified":"2018-05-24T17:44:51","modified_gmt":"2018-05-24T15:44:51","slug":"terms-of-use","status":"publish","type":"page","link":"https:\/\/www.q-advisers.com\/de\/terms-of-use\/","title":{"rendered":"Nutzungsbedingungen"},"content":{"rendered":"<p><strong>Rechtliche Hinweise<\/strong><br \/>\nDiese rechtlichen Hinweise gelten f\u00fcr die Nutzung aller Informationen und Dienste der Q\u00b7ADVISERS GmbH (\u201eQ\u00b7ADVISERS\u201c) bezugnehmend auf das Internet (die \u201eWebsite\u201c). Wenn Sie diesen rechtlichen Hinweisen nicht zustimmen, bitten wir Sie, den Zugriff auf diese Website zu unterlassen.<\/p>\n<p><strong>Gesch\u00fctzter Inhalt<br \/>\n<\/strong>Der gesamte Inhalt der Website ist rechtlich gesch\u00fctzt. Alle Rechte am Inhalt, insbesondere und ohne Einschr\u00e4nkung der Urheberrechte, liegen bei Q\u00b7ADVISERS oder seinen Lizenzgebern und Lieferanten. Jede Nutzung, insbesondere, ohne Einschr\u00e4nkung Vervielf\u00e4ltigung, Verbreitung, Verkn\u00fcpfung, Sendung, Zurverf\u00fcgungstellung oder Ver\u00e4nderung von Inhalten, insbesondere von Texten und Bildern, ist nur mit ausdr\u00fccklicher schriftlicher Zustimmung von Q\u00b7ADVISERS gestattet, ausgenommen f\u00fcr den Druck, das Herunterladen oder Speichern von Teilen der Website in dem Umfang, in dem (i) zwingende Bestimmungen des Urheberrechtsgesetzes oder (ii) auf der Website ausdr\u00fccklich f\u00fcr diese Zwecke zur Verf\u00fcgung gestellt werden, jeweils jedoch nur sofern der Inhalt nicht ge\u00e4ndert wird. Insbesondere d\u00fcrfen rechtlich gesch\u00fctzte Namen und Bezeichnungen nicht entfernt oder ver\u00e4ndert werden.<\/p>\n<p><strong>Verantwortlich f\u00fcr den Inhalt<\/strong><br \/>\nQ\u00b7ADVISERS hat einen angemessenen Wartungsaufwand in Bezug auf die Informationen auf der Website. Die Informationen stammen aus Quellen, die von Q\u00b7ADVISERS als zuverl\u00e4ssig angesehen werden, jedoch nicht unabh\u00e4ngig voneinander verifiziert wurden. Aus diesem Grund \u00fcbernimmt Q\u00b7ADVISERS keine Haftung, Gew\u00e4hrleistung oder Garantie f\u00fcr die Richtigkeit oder Vollst\u00e4ndigkeit, Aktualit\u00e4t oder die Genauigkeit von zukunftsgerichteten Aussagen. Q\u00b7ADVISERS steht es frei, die auf der Website zur Verf\u00fcgung gestellten Informationen jederzeit zu \u00e4ndern oder zu erg\u00e4nzen.<\/p>\n<p>Unter keinen Umst\u00e4nden kann Q\u00b7ADVISERS, die Mitarbeiter, Mitglieder oder andere Vertreter f\u00fcr Verluste, Sch\u00e4den, Kosten oder andere Ausgaben jeglicher Art (einschlie\u00dflich Folgesch\u00e4den und indirekte Sch\u00e4den sowie entgangene Gewinne), die aus oder im Zusammenhang mit dem Zugriff auf die Website entstehen, haftbar gemacht werden. Dies gilt f\u00fcr diese Website oder jede andere mit dieser Website verlinkte Websites, deren Nutzung oder Nutzung von Inhalten der Website oder technische St\u00f6rungen oder deren Nichtverf\u00fcgbarkeit.<\/p>\n<p>Sofern nicht zwingendes Recht vorgesehen ist, \u00fcbernimmt Q\u00b7ADVISERS keinerlei Verantwortung f\u00fcr den Inhalt von Websites Dritter, auf die von der Website von Q\u00b7ADVISERS verwiesen wird (insbesondere \u00fcber Hyperlinks). Q\u00b7ADVISERS ist unter keinen Umst\u00e4nden verantwortlich f\u00fcr die Verf\u00fcgbarkeit oder Funktionalit\u00e4t von verlinkten Websites Dritter.<\/p>\n<p><strong>Kein Angebot<br \/>\n<\/strong>Kein Inhalt dieser Website stellt ein Angebot zum Kauf oder Verkauf, eine Aufforderung zur Abgabe eines Angebots, eine Anlageberatung oder eine Empfehlung zum Kauf, Verkauf oder zur Zeichnung eines Finanzinstruments dar. Sie ist nur indikativ und informativ und kann nicht als Grundlage f\u00fcr eine Vereinbarung oder Verpflichtung von Q\u00b7ADVISERS oder einer Investitionsentscheidung des Nutzers dieser Website herangezogen werden. In bestimmten F\u00e4llen k\u00f6nnen Informationen als Marketinginformationen nach dem Wertpapieraufsichtsgesetz gelten. Ein Angebot von Q\u00b7ADVISERS basiert stets ausschlie\u00dflich auf dem jeweiligen Angebotsprospekt oder, falls kein Prospekt erforderlich ist, auf einem anderen Angebotsdokument, das ausdr\u00fccklich von Q\u00b7ADVISERS als verbindlich erkl\u00e4rt wurde.<\/p>\n<p>Die auf dieser Website zur Verf\u00fcgung gestellten Informationen sind allgemeiner Natur, k\u00f6nnen keine individuellen Anforderungen, insbesondere in Bezug auf Rendite, steuerliche Auswirkungen oder Risikoprofil, ber\u00fccksichtigen und k\u00f6nnen eine individuelle Beratung nicht ersetzen. Nutzer dieser Website sollten ihre eigenen Berater (insbesondere Rechts- und Steuerberater) konsultieren, um sicherzustellen, dass bestimmte Produkte, Dienstleistungen oder Strategien ihren Bed\u00fcrfnissen und Erwartungen entsprechen und die damit verbundenen Risiken vollst\u00e4ndig verstanden haben.<\/p>\n<p>In jedem Fall sind alle auf dieser Website zur Verf\u00fcgung gestellten Informationen, Materialien und Dienstleistungen nur f\u00fcr Personen bestimmt, die diesbez\u00fcglich keinen rechtlichen Beschr\u00e4nkungen unterliegen. Die Benutzer dieser Website m\u00fcssen sich \u00fcber solche Beschr\u00e4nkungen informieren und diese einhalten.<\/p>\n<p><strong>Zukunftsgerichtete Aussagen<\/strong><br \/>\nDiese Website kann zukunftsgerichtete Aussagen enthalten. Aufgrund der Realisierung bekannter oder unbekannter Risiken, Unw\u00e4gbarkeiten oder anderer Ereignisse ist es m\u00f6glich, dass die tats\u00e4chlichen zuk\u00fcnftigen Ereignisse wesentlich von den in zukunftsgerichteten Aussagen auf dieser Website ge\u00e4u\u00dferten oder implizierten abweichen.<\/p>\n<p>Die Wertentwicklung in der Vergangenheit ist kein verl\u00e4sslicher Hinweis auf zuk\u00fcnftige Entwicklungen. Alle Informationen, Analysen oder Prognosen, die auf dieser Website zur Verf\u00fcgung gestellt werden, basieren auf Wissen und Informationen sowie einer Markteinsch\u00e4tzung zum Zeitpunkt der Bereitstellung. Q\u00b7ADVISERS ist nicht verpflichtet, Informationen zu aktualisieren oder zu \u00e4ndern. Alle anwendbaren Steuerinformationen sind von individuellen pers\u00f6nlichen Umst\u00e4nden abh\u00e4ngig und k\u00f6nnen zuk\u00fcnftigen \u00c4nderungen unterliegen.<\/p>\n<p><strong>Einschr\u00e4nkungen der Verwendung<\/strong><br \/>\nDie auf der Website zur Verf\u00fcgung gestellten Informationen d\u00fcrfen nur auf eine Art und Weise abgerufen werden, die die Nutzung dieser Website durch andere Nutzer nicht beeintr\u00e4chtigt. Die Verlinkung dieser Website von anderen Websites ohne vorherige schriftliche Genehmigung durch Q\u00b7ADVISERS ist nicht gestattet. Ohne Beschr\u00e4nkung der G\u00fcltigkeit der beiden vorangegangenen S\u00e4tze ist es nicht gestattet, Seiten, die Teil dieser Website sind, oder deren Inhalte ganz oder teilweise in eine andere Website (z. B. in einen Frame) zu integrieren.<\/p>\n<p><strong>Datenschutz<br \/>\n<\/strong>Der Schutz Ihrer pers\u00f6nlichen Daten ist uns wichtig. Wir verarbeiten Ihre Daten daher ausschlie\u00dflich auf Grundlage der gesetzlichen Bestimmungen (DSGVO, TKG 2003).<\/p>\n<p>Wenn Sie per E-Mail Kontakt mit uns aufnehmen, werden Ihre angegebenen Daten zwecks Bearbeitung der Anfrage und f\u00fcr den Fall von Anschlussfragen bei uns gespeichert. Diese Daten geben wir nicht ohne Ihre Einwilligung weiter.<\/p>\n<p>Unsere Website verwendet so genannte Cookies. Cookies machen Websites f\u00fcr den Benutzer benutzerfreundlicher und effizienter. Ein Cookie ist eine kleine Textdatei, die zur Speicherung von Informationen dient. Sie erm\u00f6glichen es uns, Ihren Browser beim n\u00e4chsten Besuch wiederzuerkennen. Wenn Sie dies nicht w\u00fcnschen, so k\u00f6nnen Sie Ihren Browser in den Einstellungen so einrichten, dass er Sie \u00fcber das Setzen von Cookies informiert und Sie dies nur im Einzelfall erlauben. Wenn die Nutzung von Cookies eingeschr\u00e4nkt wird, sind unter Umst\u00e4nden nicht mehr alle Funktionen dieser Website vollumf\u00e4nglich nutzbar.<\/p>\n<p>Diese Website verwendet Funktionen des Webanalysedienstes Google Analytics (Google Inc, 1600 Amphitheatre Parkway, Mountain View, CA 94043, USA). Dazu werden Cookies verwendet, die eine Analyse der Benutzung der Website durch die Benutzer erm\u00f6glicht. Die dadurch erzeugten Informationen werden auf den Server von Google \u00fcbertragen und dort gespeichert. Sie k\u00f6nnen dies verhindern, indem Sie Ihren Browser so einrichten, dass keine Cookies gespeichert werden. Wir haben mit dem Anbieter einen entsprechenden Vertrag zur Auftragsdatenverarbeitung abgeschlossen. Die Website nutzt die Funktion \u201ePseudonymisierung der IP Adresse\u201c. Dadurch wird die IP-Adresse erfasst, umgehend pseudonymisiert und es ist nur mehr eine grobe Lokalisierung m\u00f6glich. Die Aufbewahrungsdauer der von Ihnen gesendeten und mit Cookies, Nutzer-IDs verkn\u00fcpften Daten betr\u00e4gt 14 Monate. Detaillierte Informationen zum Umgang mit Nutzerdaten bei Google Analytics finden Sie in der Datenschutzerkl\u00e4rung von <a href=\"https:\/\/www.google.com\/intl\/de\/policies\/privacy\/\">Google<\/a> bzw. <a href=\"https:\/\/support.google.com\/analytics\/answer\/6004245?hl=de\">Google Analytics<\/a>.<\/p>\n<p>Diese Seite nutzt zur einheitlichen Darstellung von Schriftarten so genannte Web Fonts, die von Google bereitgestellt werden. Beim Aufruf einer Seite l\u00e4dt Ihr Browser die ben\u00f6tigten Web Fonts in ihren Browsercache, um Texte und Schriftarten korrekt anzuzeigen. Zu diesem Zweck muss der von Ihnen verwendete Browser Verbindung zu den Servern von Google aufnehmen. Hierdurch erlangt Google Kenntnis dar\u00fcber, dass \u00fcber Ihre IP-Adresse unsere Website aufgerufen wurde. Die Nutzung von Google Web Fonts erfolgt im Interesse einer einheitlichen und ansprechenden Darstellung. Wenn Ihr Browser Web Fonts nicht unterst\u00fctzt, wird eine Standardschrift von Ihrem Computer genutzt.<\/p>\n<p>Diese Seite nutzt \u00fcber eine API den Kartendienst Google Maps (Google Inc., 1600 Amphitheatre Parkway, Mountain View, CA 94043, USA). Zur Nutzung der Funktionen von Google Maps ist es notwendig, Ihre IP Adresse zu speichern. Diese Informationen werden in der Regel an einen Server von Google in den USA \u00fcbertragen und dort gespeichert. Der Anbieter dieser Seite hat keinen Einfluss auf diese Daten\u00fcbertragung. Die Nutzung von Google Maps erfolgt im Interesse einer ansprechenden Darstellung und an einer leichten Auffindbarkeit der von uns auf der Website angegebenen Orte.<\/p>\n<p>Die Datenverarbeitung erfolgt auf Basis der gesetzlichen Bestimmungen des \u00a7 96 Abs 3 TKG sowie des Art 6 Abs 1 lit a (Einwilligung) und f (berechtigtes Interesse) der DSGVO. Unser Anliegen im Sinne der DSGVO ist die Verbesserung unseres Webauftritts.<\/p>\n<p>Sie haben das Recht auf Auskunft, Berichtigung, L\u00f6schung, Einschr\u00e4nkung, Daten\u00fcbertragbarkeit, Widerruf und Widerspruch. Wenn Sie glauben, dass die Verarbeitung Ihrer Daten gegen das Datenschutzrecht verst\u00f6\u00dft oder Ihre datenschutzrechtlichen Anspr\u00fcche sonst in einer Weise verletzt worden sind, k\u00f6nnen Sie sich bei der \u00d6sterreichischen Datenschutzbeh\u00f6rde (Wickenburggasse 8, 1010 Wien, dsb@dsb.gv.at) beschweren.<\/p>\n<p><strong>Andere Gesch\u00e4ftsbedingungen<\/strong><br \/>\nNutzer, die mit Q\u00b7ADVISERS eine Gesch\u00e4ftsbeziehung unterhalten, unterliegen ebenfalls den geltenden Vereinbarungen und \/ oder allgemeinen Gesch\u00e4ftsbedingungen von Q\u00b7ADVISERS.<\/p>\n","protected":false},"excerpt":{"rendered":"<p>Rechtliche Hinweise Diese rechtlichen Hinweise gelten f\u00fcr die Nutzung aller Informationen und Dienste der Q\u00b7ADVISERS GmbH (\u201eQ\u00b7ADVISERS\u201c) bezugnehmend auf das Internet (die \u201eWebsite\u201c). Wenn Sie diesen rechtlichen Hinweisen nicht zustimmen, bitten wir Sie, den Zugriff auf diese Website zu unterlassen. Gesch\u00fctzter Inhalt Der gesamte Inhalt der Website ist rechtlich gesch\u00fctzt. Alle Rechte am Inhalt, insbesondere<\/p>\n","protected":false},"author":1,"featured_media":0,"parent":0,"menu_order":8,"comment_status":"closed","ping_status":"closed","template":"page-simpel.php","meta":{"_acf_changed":false,"footnotes":""},"class_list":["post-932","page","type-page","status-publish","hentry"],"acf":[],"yoast_head":"<!-- This site is optimized with the Yoast SEO plugin v24.7 - https:\/\/yoast.com\/wordpress\/plugins\/seo\/ -->\n<title>Nutzungsbedingungen - Q Advisers<\/title>\n<meta name=\"robots\" content=\"index, follow, max-snippet:-1, max-image-preview:large, max-video-preview:-1\" \/>\n<link rel=\"canonical\" href=\"https:\/\/www.q-advisers.com\/de\/terms-of-use\/\" \/>\n<meta property=\"og:locale\" content=\"de_DE\" \/>\n<meta property=\"og:type\" content=\"article\" \/>\n<meta property=\"og:title\" content=\"Nutzungsbedingungen - Q Advisers\" \/>\n<meta property=\"og:description\" content=\"Rechtliche Hinweise Diese rechtlichen Hinweise gelten f\u00fcr die Nutzung aller Informationen und Dienste der Q\u00b7ADVISERS GmbH (\u201eQ\u00b7ADVISERS\u201c) bezugnehmend auf das Internet (die \u201eWebsite\u201c). Wenn Sie diesen rechtlichen Hinweisen nicht zustimmen, bitten wir Sie, den Zugriff auf diese Website zu unterlassen. Gesch\u00fctzter Inhalt Der gesamte Inhalt der Website ist rechtlich gesch\u00fctzt. Alle Rechte am Inhalt, insbesondere\" \/>\n<meta property=\"og:url\" content=\"https:\/\/www.q-advisers.com\/de\/terms-of-use\/\" \/>\n<meta property=\"og:site_name\" content=\"Q Advisers\" \/>\n<meta property=\"article:modified_time\" content=\"2018-05-24T15:44:51+00:00\" \/>\n<meta name=\"twitter:card\" content=\"summary_large_image\" \/>\n<meta name=\"twitter:label1\" content=\"Gesch\u00e4tzte Lesezeit\" \/>\n\t<meta name=\"twitter:data1\" content=\"7\u00a0Minuten\" \/>\n<script type=\"application\/ld+json\" class=\"yoast-schema-graph\">{\"@context\":\"https:\/\/schema.org\",\"@graph\":[{\"@type\":\"WebPage\",\"@id\":\"https:\/\/www.q-advisers.com\/de\/terms-of-use\/\",\"url\":\"https:\/\/www.q-advisers.com\/de\/terms-of-use\/\",\"name\":\"Nutzungsbedingungen - Q Advisers\",\"isPartOf\":{\"@id\":\"https:\/\/www.q-advisers.com\/#website\"},\"datePublished\":\"2017-10-13T13:08:36+00:00\",\"dateModified\":\"2018-05-24T15:44:51+00:00\",\"breadcrumb\":{\"@id\":\"https:\/\/www.q-advisers.com\/de\/terms-of-use\/#breadcrumb\"},\"inLanguage\":\"de\",\"potentialAction\":[{\"@type\":\"ReadAction\",\"target\":[\"https:\/\/www.q-advisers.com\/de\/terms-of-use\/\"]}]},{\"@type\":\"BreadcrumbList\",\"@id\":\"https:\/\/www.q-advisers.com\/de\/terms-of-use\/#breadcrumb\",\"itemListElement\":[{\"@type\":\"ListItem\",\"position\":1,\"name\":\"Home\",\"item\":\"https:\/\/www.q-advisers.com\/\"},{\"@type\":\"ListItem\",\"position\":2,\"name\":\"Nutzungsbedingungen\"}]},{\"@type\":\"WebSite\",\"@id\":\"https:\/\/www.q-advisers.com\/#website\",\"url\":\"https:\/\/www.q-advisers.com\/\",\"name\":\"Q Advisers\",\"description\":\"Wien | London\",\"potentialAction\":[{\"@type\":\"SearchAction\",\"target\":{\"@type\":\"EntryPoint\",\"urlTemplate\":\"https:\/\/www.q-advisers.com\/?s={search_term_string}\"},\"query-input\":{\"@type\":\"PropertyValueSpecification\",\"valueRequired\":true,\"valueName\":\"search_term_string\"}}],\"inLanguage\":\"de\"}]}<\/script>\n<!-- \/ Yoast SEO plugin. -->","yoast_head_json":{"title":"Nutzungsbedingungen - Q Advisers","robots":{"index":"index","follow":"follow","max-snippet":"max-snippet:-1","max-image-preview":"max-image-preview:large","max-video-preview":"max-video-preview:-1"},"canonical":"https:\/\/www.q-advisers.com\/de\/terms-of-use\/","og_locale":"de_DE","og_type":"article","og_title":"Nutzungsbedingungen - Q Advisers","og_description":"Rechtliche Hinweise Diese rechtlichen Hinweise gelten f\u00fcr die Nutzung aller Informationen und Dienste der Q\u00b7ADVISERS GmbH (\u201eQ\u00b7ADVISERS\u201c) bezugnehmend auf das Internet (die \u201eWebsite\u201c). Wenn Sie diesen rechtlichen Hinweisen nicht zustimmen, bitten wir Sie, den Zugriff auf diese Website zu unterlassen. Gesch\u00fctzter Inhalt Der gesamte Inhalt der Website ist rechtlich gesch\u00fctzt. Alle Rechte am Inhalt, insbesondere","og_url":"https:\/\/www.q-advisers.com\/de\/terms-of-use\/","og_site_name":"Q Advisers","article_modified_time":"2018-05-24T15:44:51+00:00","twitter_card":"summary_large_image","twitter_misc":{"Gesch\u00e4tzte Lesezeit":"7\u00a0Minuten"},"schema":{"@context":"https:\/\/schema.org","@graph":[{"@type":"WebPage","@id":"https:\/\/www.q-advisers.com\/de\/terms-of-use\/","url":"https:\/\/www.q-advisers.com\/de\/terms-of-use\/","name":"Nutzungsbedingungen - Q Advisers","isPartOf":{"@id":"https:\/\/www.q-advisers.com\/#website"},"datePublished":"2017-10-13T13:08:36+00:00","dateModified":"2018-05-24T15:44:51+00:00","breadcrumb":{"@id":"https:\/\/www.q-advisers.com\/de\/terms-of-use\/#breadcrumb"},"inLanguage":"de","potentialAction":[{"@type":"ReadAction","target":["https:\/\/www.q-advisers.com\/de\/terms-of-use\/"]}]},{"@type":"BreadcrumbList","@id":"https:\/\/www.q-advisers.com\/de\/terms-of-use\/#breadcrumb","itemListElement":[{"@type":"ListItem","position":1,"name":"Home","item":"https:\/\/www.q-advisers.com\/"},{"@type":"ListItem","position":2,"name":"Nutzungsbedingungen"}]},{"@type":"WebSite","@id":"https:\/\/www.q-advisers.com\/#website","url":"https:\/\/www.q-advisers.com\/","name":"Q Advisers","description":"Wien | London","potentialAction":[{"@type":"SearchAction","target":{"@type":"EntryPoint","urlTemplate":"https:\/\/www.q-advisers.com\/?s={search_term_string}"},"query-input":{"@type":"PropertyValueSpecification","valueRequired":true,"valueName":"search_term_string"}}],"inLanguage":"de"}]}},"_links":{"self":[{"href":"https:\/\/www.q-advisers.com\/de\/wp-json\/wp\/v2\/pages\/932"}],"collection":[{"href":"https:\/\/www.q-advisers.com\/de\/wp-json\/wp\/v2\/pages"}],"about":[{"href":"https:\/\/www.q-advisers.com\/de\/wp-json\/wp\/v2\/types\/page"}],"author":[{"embeddable":true,"href":"https:\/\/www.q-advisers.com\/de\/wp-json\/wp\/v2\/users\/1"}],"replies":[{"embeddable":true,"href":"https:\/\/www.q-advisers.com\/de\/wp-json\/wp\/v2\/comments?post=932"}],"version-history":[{"count":9,"href":"https:\/\/www.q-advisers.com\/de\/wp-json\/wp\/v2\/pages\/932\/revisions"}],"predecessor-version":[{"id":1703,"href":"https:\/\/www.q-advisers.com\/de\/wp-json\/wp\/v2\/pages\/932\/revisions\/1703"}],"wp:attachment":[{"href":"https:\/\/www.q-advisers.com\/de\/wp-json\/wp\/v2\/media?parent=932"}],"curies":[{"name":"wp","href":"https:\/\/api.w.org\/{rel}","templated":true}]}}